{"id":78,"date":"2020-06-03T16:46:00","date_gmt":"2020-06-03T14:46:00","guid":{"rendered":"http:\/\/fannieb.cluster028.hosting.ovh.net\/?page_id=78"},"modified":"2023-09-26T16:52:47","modified_gmt":"2023-09-26T14:52:47","slug":"les-tarifs-de-consultation","status":"publish","type":"page","link":"https:\/\/fanniedecaux.fr\/index.php\/mon-cabinet\/les-tarifs-de-consultation\/","title":{"rendered":"Les tarifs de consultation"},"content":{"rendered":"\n<p>Dans mon cabinet, la <strong>premi\u00e8re s\u00e9ance<\/strong> est <strong>gratuite<\/strong> et d&rsquo;une dur\u00e9e d&rsquo;1\/2 heure, puisque c\u2019est d\u2019abord un temps de rencontre. La r\u00e9mun\u00e9ration d\u00e9bute lorsque le travail psychologique est entrepris \u00e0 la suite de cette premi\u00e8re rencontre.<\/p>\n\n\n\n<p>Le prix d\u2019une s\u00e9ance est de <strong>70 \u20ac<\/strong> pour une dur\u00e9e d\u2019environ 1 heure. <\/p>\n\n\n\n<p>Dans le cas d\u2019une situation financi\u00e8re difficile (ex&nbsp;: \u00e9tudiant, ch\u00f4mage, personnes en difficult\u00e9 ponctuelle\u2026), il est <strong>possible d\u2019adapter le tarif<\/strong> afin qu\u2019un travail th\u00e9rapeutique soit quand m\u00eame d\u00e9marr\u00e9.<\/p>\n","protected":false},"excerpt":{"rendered":"<p class=\"text-justify\">Dans mon cabinet, la premi\u00e8re s\u00e9ance est gratuite et d&rsquo;une dur\u00e9e d&rsquo;1\/2 heure, puisque c\u2019est d\u2019abord un temps de rencontre. La r\u00e9mun\u00e9ration [&hellip;]<\/p>\n","protected":false},"author":2,"featured_media":0,"parent":29,"menu_order":0,"comment_status":"closed","ping_status":"closed","template":"","meta":{"footnotes":""},"_links":{"self":[{"href":"https:\/\/fanniedecaux.fr\/index.php\/wp-json\/wp\/v2\/pages\/78"}],"collection":[{"href":"https:\/\/fanniedecaux.fr\/index.php\/wp-json\/wp\/v2\/pages"}],"about":[{"href":"https:\/\/fanniedecaux.fr\/index.php\/wp-json\/wp\/v2\/types\/page"}],"author":[{"embeddable":true,"href":"https:\/\/fanniedecaux.fr\/index.php\/wp-json\/wp\/v2\/users\/2"}],"replies":[{"embeddable":true,"href":"https:\/\/fanniedecaux.fr\/index.php\/wp-json\/wp\/v2\/comments?post=78"}],"version-history":[{"count":7,"href":"https:\/\/fanniedecaux.fr\/index.php\/wp-json\/wp\/v2\/pages\/78\/revisions"}],"predecessor-version":[{"id":195,"href":"https:\/\/fanniedecaux.fr\/index.php\/wp-json\/wp\/v2\/pages\/78\/revisions\/195"}],"up":[{"embeddable":true,"href":"https:\/\/fanniedecaux.fr\/index.php\/wp-json\/wp\/v2\/pages\/29"}],"wp:attachment":[{"href":"https:\/\/fanniedecaux.fr\/index.php\/wp-json\/wp\/v2\/media?parent=78"}],"curies":[{"name":"wp","href":"https:\/\/api.w.org\/{rel}","templated":true}]}}