{"id":92,"date":"2020-06-04T13:30:35","date_gmt":"2020-06-04T11:30:35","guid":{"rendered":"http:\/\/fannieb.cluster028.hosting.ovh.net\/?page_id=92"},"modified":"2020-10-13T12:52:39","modified_gmt":"2020-10-13T10:52:39","slug":"pour-qui","status":"publish","type":"page","link":"https:\/\/fanniedecaux.fr\/index.php\/mon-cabinet\/pour-qui\/","title":{"rendered":"Pour qui ?"},"content":{"rendered":"\n<p>Pour<strong>&nbsp;toute personne<\/strong>&nbsp;qui en&nbsp;<strong>ressent le besoin ou l\u2019envie<\/strong>. C\u2019est la personne elle-m\u00eame qui doit \u00eatre&nbsp;<strong>moteur de cette initiative<\/strong>. Dans certains cas, la famille motive la rencontre (par ex&nbsp;: un adolescent pr\u00e9sent\u00e9 par ses parents), mais il est alors indispensable que la personne s\u2019inscrive dans la d\u00e9marche afin qu\u2019un travail th\u00e9rapeutique puisse exister.<\/p>\n\n\n\n<p>C\u2019est g\u00e9n\u00e9ralement un&nbsp;<strong>\u00e9tat \u00e9motionnel douloureux<\/strong>&nbsp;qui am\u00e8ne \u00e0 consulter. Que l\u2019\u00e9tat \u00e9motionnel soit&nbsp;<strong>passager<\/strong>,&nbsp;<strong>\u00e9pisodique<\/strong>, ou&nbsp;<strong>chronique<\/strong>,&nbsp;<strong>toute personne est l\u00e9gitime<\/strong>&nbsp;\u00e0 pousser la porte d\u2019un psychologue. Certaines personnes pr\u00e9sentent des&nbsp;<strong>troubles ou sympt\u00f4mes<\/strong>&nbsp;(ex&nbsp;: phobies, d\u00e9pression, TOC\u2026) qui peuvent \u00eatre une entrave \u00e0 leur bonheur, ainsi la th\u00e9rapie a pour objectif de faire disparaitre le sympt\u00f4me \u00e0 long terme.<\/p>\n\n\n\n<p>Le psychologue peut aussi faire des consultations ou th\u00e9rapies de&nbsp;<strong>soutien psychologique<\/strong>&nbsp;lorsque la personne en demande vit une p\u00e9riode de difficult\u00e9 (ex&nbsp;: deuil, reconversion professionnelle, maladie, divorce\u2026).<\/p>\n\n\n\n<div class=\"wp-block-image\"><figure class=\"aligncenter size-large is-resized\"><img loading=\"lazy\" decoding=\"async\" src=\"http:\/\/fanniedecaux.fr\/wp-content\/uploads\/2020\/10\/Cabinet-Paris-3-1024x768.jpg\" alt=\"\" class=\"wp-image-168\" width=\"512\" height=\"384\" srcset=\"https:\/\/fanniedecaux.fr\/wp-content\/uploads\/2020\/10\/Cabinet-Paris-3-1024x768.jpg 1024w, https:\/\/fanniedecaux.fr\/wp-content\/uploads\/2020\/10\/Cabinet-Paris-3-300x225.jpg 300w, https:\/\/fanniedecaux.fr\/wp-content\/uploads\/2020\/10\/Cabinet-Paris-3-768x576.jpg 768w, https:\/\/fanniedecaux.fr\/wp-content\/uploads\/2020\/10\/Cabinet-Paris-3-1536x1152.jpg 1536w, https:\/\/fanniedecaux.fr\/wp-content\/uploads\/2020\/10\/Cabinet-Paris-3-2048x1536.jpg 2048w\" sizes=\"(max-width: 512px) 100vw, 512px\" \/><\/figure><\/div>\n","protected":false},"excerpt":{"rendered":"<p class=\"text-justify\">Pour&nbsp;toute personne&nbsp;qui en&nbsp;ressent le besoin ou l\u2019envie. C\u2019est la personne elle-m\u00eame qui doit \u00eatre&nbsp;moteur de cette initiative. Dans certains cas, la famille [&hellip;]<\/p>\n","protected":false},"author":1,"featured_media":0,"parent":29,"menu_order":0,"comment_status":"closed","ping_status":"closed","template":"","meta":{"footnotes":""},"_links":{"self":[{"href":"https:\/\/fanniedecaux.fr\/index.php\/wp-json\/wp\/v2\/pages\/92"}],"collection":[{"href":"https:\/\/fanniedecaux.fr\/index.php\/wp-json\/wp\/v2\/pages"}],"about":[{"href":"https:\/\/fanniedecaux.fr\/index.php\/wp-json\/wp\/v2\/types\/page"}],"author":[{"embeddable":true,"href":"https:\/\/fanniedecaux.fr\/index.php\/wp-json\/wp\/v2\/users\/1"}],"replies":[{"embeddable":true,"href":"https:\/\/fanniedecaux.fr\/index.php\/wp-json\/wp\/v2\/comments?post=92"}],"version-history":[{"count":4,"href":"https:\/\/fanniedecaux.fr\/index.php\/wp-json\/wp\/v2\/pages\/92\/revisions"}],"predecessor-version":[{"id":170,"href":"https:\/\/fanniedecaux.fr\/index.php\/wp-json\/wp\/v2\/pages\/92\/revisions\/170"}],"up":[{"embeddable":true,"href":"https:\/\/fanniedecaux.fr\/index.php\/wp-json\/wp\/v2\/pages\/29"}],"wp:attachment":[{"href":"https:\/\/fanniedecaux.fr\/index.php\/wp-json\/wp\/v2\/media?parent=92"}],"curies":[{"name":"wp","href":"https:\/\/api.w.org\/{rel}","templated":true}]}}